{"id":659,"date":"2022-03-23T13:37:26","date_gmt":"2022-03-23T13:37:26","guid":{"rendered":"https:\/\/aquamadeira.com\/?page_id=659"},"modified":"2025-05-06T15:01:44","modified_gmt":"2025-05-06T15:01:44","slug":"informacoes-uteis","status":"publish","type":"page","link":"https:\/\/aquaparque-madeira.com\/en\/informacoes-uteis\/","title":{"rendered":"Useful Info"},"content":{"rendered":"<div data-elementor-type=\"wp-page\" data-elementor-id=\"659\" class=\"elementor elementor-659\">\n\t\t\t\t\t\t<section class=\"elementor-section elementor-top-section elementor-element elementor-element-3d69988 elementor-section-boxed elementor-section-height-default elementor-section-height-default\" data-id=\"3d69988\" data-element_type=\"section\" data-e-type=\"section\">\n\t\t\t\t\t\t<div class=\"elementor-container elementor-column-gap-default\">\n\t\t\t\t\t<div class=\"elementor-column elementor-col-100 elementor-top-column elementor-element elementor-element-067f459\" data-id=\"067f459\" data-element_type=\"column\" data-e-type=\"column\">\n\t\t\t<div class=\"elementor-widget-wrap elementor-element-populated\">\n\t\t\t\t\t\t<div class=\"elementor-element elementor-element-dd1694e elementor-widget elementor-widget-spacer\" data-id=\"dd1694e\" data-element_type=\"widget\" data-e-type=\"widget\" data-widget_type=\"spacer.default\">\n\t\t\t\t<div class=\"elementor-widget-container\">\n\t\t\t\t\t\t\t<div class=\"elementor-spacer\">\n\t\t\t<div class=\"elementor-spacer-inner\"><\/div>\n\t\t<\/div>\n\t\t\t\t\t\t<\/div>\n\t\t\t\t<\/div>\n\t\t\t\t\t<\/div>\n\t\t<\/div>\n\t\t\t\t\t<\/div>\n\t\t<\/section>\n\t\t\t\t<section class=\"elementor-section elementor-top-section elementor-element elementor-element-481e52e elementor-section-boxed elementor-section-height-default elementor-section-height-default\" data-id=\"481e52e\" data-element_type=\"section\" data-e-type=\"section\">\n\t\t\t\t\t\t<div class=\"elementor-container elementor-column-gap-default\">\n\t\t\t\t\t<div class=\"elementor-column elementor-col-33 elementor-top-column elementor-element elementor-element-be8c153\" data-id=\"be8c153\" data-element_type=\"column\" data-e-type=\"column\">\n\t\t\t<div class=\"elementor-widget-wrap elementor-element-populated\">\n\t\t\t\t\t\t<div class=\"elementor-element elementor-element-093b285 elementor-widget elementor-widget-image\" data-id=\"093b285\" data-element_type=\"widget\" data-e-type=\"widget\" data-widget_type=\"image.default\">\n\t\t\t\t<div class=\"elementor-widget-container\">\n\t\t\t\t\t\t\t\t\t\t\t\t\t\t\t\t<a href=\"https:\/\/aquaparque-madeira.com\/wp-content\/uploads\/2025\/05\/Regulamento-Aquaparque-2025.pdf\" target=\"_blank\">\n\t\t\t\t\t\t\t<img fetchpriority=\"high\" decoding=\"async\" width=\"800\" height=\"980\" src=\"https:\/\/aquaparque-madeira.com\/wp-content\/uploads\/2025\/05\/Safety-Rules.png\" class=\"attachment-large size-large wp-image-639\" alt=\"\" srcset=\"https:\/\/aquaparque-madeira.com\/wp-content\/uploads\/2025\/05\/Safety-Rules.png 981w, https:\/\/aquaparque-madeira.com\/wp-content\/uploads\/2025\/05\/Safety-Rules-245x300.png 245w, https:\/\/aquaparque-madeira.com\/wp-content\/uploads\/2025\/05\/Safety-Rules-836x1024.png 836w, https:\/\/aquaparque-madeira.com\/wp-content\/uploads\/2025\/05\/Safety-Rules-768x940.png 768w, https:\/\/aquaparque-madeira.com\/wp-content\/uploads\/2025\/05\/Safety-Rules-10x12.png 10w\" sizes=\"(max-width: 800px) 100vw, 800px\" \/>\t\t\t\t\t\t\t\t<\/a>\n\t\t\t\t\t\t\t\t\t\t\t\t\t\t\t<\/div>\n\t\t\t\t<\/div>\n\t\t\t\t\t<\/div>\n\t\t<\/div>\n\t\t\t\t<div class=\"elementor-column elementor-col-33 elementor-top-column elementor-element elementor-element-0bbf5d0\" data-id=\"0bbf5d0\" data-element_type=\"column\" data-e-type=\"column\">\n\t\t\t<div class=\"elementor-widget-wrap elementor-element-populated\">\n\t\t\t\t\t\t<div class=\"elementor-element elementor-element-0a7fe84 elementor-widget elementor-widget-image\" data-id=\"0a7fe84\" data-element_type=\"widget\" data-e-type=\"widget\" data-widget_type=\"image.default\">\n\t\t\t\t<div class=\"elementor-widget-container\">\n\t\t\t\t\t\t\t\t\t\t\t\t\t\t\t<img decoding=\"async\" width=\"800\" height=\"980\" src=\"https:\/\/aquaparque-madeira.com\/wp-content\/uploads\/2025\/05\/Infos-Aquaparque-EN.png\" class=\"attachment-large size-large wp-image-5496\" alt=\"\" srcset=\"https:\/\/aquaparque-madeira.com\/wp-content\/uploads\/2025\/05\/Infos-Aquaparque-EN.png 981w, https:\/\/aquaparque-madeira.com\/wp-content\/uploads\/2025\/05\/Infos-Aquaparque-EN-245x300.png 245w, https:\/\/aquaparque-madeira.com\/wp-content\/uploads\/2025\/05\/Infos-Aquaparque-EN-836x1024.png 836w, https:\/\/aquaparque-madeira.com\/wp-content\/uploads\/2025\/05\/Infos-Aquaparque-EN-768x940.png 768w, https:\/\/aquaparque-madeira.com\/wp-content\/uploads\/2025\/05\/Infos-Aquaparque-EN-10x12.png 10w\" sizes=\"(max-width: 800px) 100vw, 800px\" \/>\t\t\t\t\t\t\t\t\t\t\t\t\t\t\t<\/div>\n\t\t\t\t<\/div>\n\t\t\t\t\t<\/div>\n\t\t<\/div>\n\t\t\t\t<div class=\"elementor-column elementor-col-33 elementor-top-column elementor-element elementor-element-d5ba164\" data-id=\"d5ba164\" data-element_type=\"column\" data-e-type=\"column\">\n\t\t\t<div class=\"elementor-widget-wrap elementor-element-populated\">\n\t\t\t\t\t\t\t<\/div>\n\t\t<\/div>\n\t\t\t\t\t<\/div>\n\t\t<\/section>\n\t\t\t\t<section class=\"elementor-section elementor-top-section elementor-element elementor-element-b78c180 elementor-section-boxed elementor-section-height-default elementor-section-height-default\" data-id=\"b78c180\" data-element_type=\"section\" data-e-type=\"section\">\n\t\t\t\t\t\t<div class=\"elementor-container elementor-column-gap-default\">\n\t\t\t\t\t<div class=\"elementor-column elementor-col-100 elementor-top-column elementor-element elementor-element-2002f1c\" data-id=\"2002f1c\" data-element_type=\"column\" data-e-type=\"column\">\n\t\t\t<div class=\"elementor-widget-wrap elementor-element-populated\">\n\t\t\t\t\t\t<div class=\"elementor-element elementor-element-682dd52 elementor-widget elementor-widget-spacer\" data-id=\"682dd52\" data-element_type=\"widget\" data-e-type=\"widget\" data-widget_type=\"spacer.default\">\n\t\t\t\t<div class=\"elementor-widget-container\">\n\t\t\t\t\t\t\t<div class=\"elementor-spacer\">\n\t\t\t<div class=\"elementor-spacer-inner\"><\/div>\n\t\t<\/div>\n\t\t\t\t\t\t<\/div>\n\t\t\t\t<\/div>\n\t\t\t\t\t<\/div>\n\t\t<\/div>\n\t\t\t\t\t<\/div>\n\t\t<\/section>\n\t\t\t\t<section class=\"elementor-section elementor-top-section elementor-element elementor-element-ceca409 elementor-section-boxed elementor-section-height-default elementor-section-height-default\" data-id=\"ceca409\" data-element_type=\"section\" data-e-type=\"section\">\n\t\t\t\t\t\t<div class=\"elementor-container elementor-column-gap-default\">\n\t\t\t\t\t<div class=\"elementor-column elementor-col-100 elementor-top-column elementor-element elementor-element-cbecffb\" data-id=\"cbecffb\" data-element_type=\"column\" data-e-type=\"column\">\n\t\t\t<div class=\"elementor-widget-wrap elementor-element-populated\">\n\t\t\t\t\t\t<div class=\"elementor-element elementor-element-459fbdc elementor-widget elementor-widget-spacer\" data-id=\"459fbdc\" data-element_type=\"widget\" data-e-type=\"widget\" data-widget_type=\"spacer.default\">\n\t\t\t\t<div class=\"elementor-widget-container\">\n\t\t\t\t\t\t\t<div class=\"elementor-spacer\">\n\t\t\t<div class=\"elementor-spacer-inner\"><\/div>\n\t\t<\/div>\n\t\t\t\t\t\t<\/div>\n\t\t\t\t<\/div>\n\t\t\t\t\t<\/div>\n\t\t<\/div>\n\t\t\t\t\t<\/div>\n\t\t<\/section>\n\t\t\t\t<section class=\"elementor-section elementor-top-section elementor-element elementor-element-d543250 elementor-section-boxed elementor-section-height-default elementor-section-height-default\" data-id=\"d543250\" data-element_type=\"section\" data-e-type=\"section\">\n\t\t\t\t\t\t<div class=\"elementor-container elementor-column-gap-default\">\n\t\t\t\t\t<div class=\"elementor-column elementor-col-100 elementor-top-column elementor-element elementor-element-8c24a63\" data-id=\"8c24a63\" data-element_type=\"column\" data-e-type=\"column\">\n\t\t\t<div class=\"elementor-widget-wrap elementor-element-populated\">\n\t\t\t\t\t\t<div class=\"elementor-element elementor-element-a90e575 elementor-widget elementor-widget-heading\" data-id=\"a90e575\" data-element_type=\"widget\" data-e-type=\"widget\" data-widget_type=\"heading.default\">\n\t\t\t\t<div class=\"elementor-widget-container\">\n\t\t\t\t\t<h2 class=\"elementor-heading-title elementor-size-default\">News and Reviews<\/h2>\t\t\t\t<\/div>\n\t\t\t\t<\/div>\n\t\t\t\t\t<\/div>\n\t\t<\/div>\n\t\t\t\t\t<\/div>\n\t\t<\/section>\n\t\t\t\t<section class=\"elementor-section elementor-top-section elementor-element elementor-element-8218876 elementor-section-boxed elementor-section-height-default elementor-section-height-default\" data-id=\"8218876\" data-element_type=\"section\" data-e-type=\"section\">\n\t\t\t\t\t\t<div class=\"elementor-container elementor-column-gap-default\">\n\t\t\t\t\t<div class=\"elementor-column elementor-col-100 elementor-top-column elementor-element elementor-element-76e715f\" data-id=\"76e715f\" data-element_type=\"column\" data-e-type=\"column\">\n\t\t\t<div class=\"elementor-widget-wrap elementor-element-populated\">\n\t\t\t\t\t\t<div class=\"elementor-element elementor-element-63bf9be elementor-widget elementor-widget-spacer\" data-id=\"63bf9be\" data-element_type=\"widget\" data-e-type=\"widget\" data-widget_type=\"spacer.default\">\n\t\t\t\t<div class=\"elementor-widget-container\">\n\t\t\t\t\t\t\t<div class=\"elementor-spacer\">\n\t\t\t<div class=\"elementor-spacer-inner\"><\/div>\n\t\t<\/div>\n\t\t\t\t\t\t<\/div>\n\t\t\t\t<\/div>\n\t\t\t\t\t<\/div>\n\t\t<\/div>\n\t\t\t\t\t<\/div>\n\t\t<\/section>\n\t\t\t\t<section class=\"elementor-section elementor-top-section elementor-element elementor-element-34e1f64 elementor-section-full_width elementor-section-height-default elementor-section-height-default\" data-id=\"34e1f64\" data-element_type=\"section\" data-e-type=\"section\">\n\t\t\t\t\t\t<div class=\"elementor-container elementor-column-gap-default\">\n\t\t\t\t\t<div class=\"elementor-column elementor-col-50 elementor-top-column elementor-element elementor-element-45bae68\" data-id=\"45bae68\" data-element_type=\"column\" data-e-type=\"column\">\n\t\t\t<div class=\"elementor-widget-wrap elementor-element-populated\">\n\t\t\t\t\t\t<div class=\"elementor-element elementor-element-b6b1ad8 elementor-widget elementor-widget-video\" data-id=\"b6b1ad8\" data-element_type=\"widget\" data-e-type=\"widget\" data-settings=\"{&quot;youtube_url&quot;:&quot;https:\\\/\\\/youtu.be\\\/H9sHfYVNMf8?si=DPKVm0DCDC6U2_6v&quot;,&quot;video_type&quot;:&quot;youtube&quot;,&quot;controls&quot;:&quot;yes&quot;}\" data-widget_type=\"video.default\">\n\t\t\t\t<div class=\"elementor-widget-container\">\n\t\t\t\t\t\t\t<div class=\"elementor-wrapper elementor-open-inline\">\n\t\t\t<div class=\"elementor-video\"><\/div>\t\t<\/div>\n\t\t\t\t\t\t<\/div>\n\t\t\t\t<\/div>\n\t\t\t\t\t<\/div>\n\t\t<\/div>\n\t\t\t\t<div class=\"elementor-column elementor-col-50 elementor-top-column elementor-element elementor-element-379f382\" data-id=\"379f382\" data-element_type=\"column\" data-e-type=\"column\">\n\t\t\t<div class=\"elementor-widget-wrap elementor-element-populated\">\n\t\t\t\t\t\t<div class=\"elementor-element elementor-element-f6ce52a elementor-widget elementor-widget-video\" data-id=\"f6ce52a\" data-element_type=\"widget\" data-e-type=\"widget\" data-settings=\"{&quot;youtube_url&quot;:&quot;https:\\\/\\\/youtu.be\\\/IWrp5qmBlig?si=6_aSsQZKGo-vJfmS&quot;,&quot;video_type&quot;:&quot;youtube&quot;,&quot;controls&quot;:&quot;yes&quot;}\" data-widget_type=\"video.default\">\n\t\t\t\t<div class=\"elementor-widget-container\">\n\t\t\t\t\t\t\t<div class=\"elementor-wrapper elementor-open-inline\">\n\t\t\t<div class=\"elementor-video\"><\/div>\t\t<\/div>\n\t\t\t\t\t\t<\/div>\n\t\t\t\t<\/div>\n\t\t\t\t\t<\/div>\n\t\t<\/div>\n\t\t\t\t\t<\/div>\n\t\t<\/section>\n\t\t\t\t<\/div>","protected":false},"excerpt":{"rendered":"<p>News and Reviews<\/p>","protected":false},"author":2,"featured_media":0,"parent":0,"menu_order":0,"comment_status":"closed","ping_status":"closed","template":"","meta":{"_coblocks_attr":"","_coblocks_dimensions":"","_coblocks_responsive_height":"","_coblocks_accordion_ie_support":"","footnotes":""},"class_list":["post-659","page","type-page","status-publish","hentry"],"yoast_head":"<!-- This site is optimized with the Yoast SEO plugin v27.4 - https:\/\/yoast.com\/product\/yoast-seo-wordpress\/ -->\n<title>Informa\u00e7\u00f5es \u00dateis - Aquaparque Madeira<\/title>\n<meta name=\"robots\" content=\"index, follow, max-snippet:-1, max-image-preview:large, max-video-preview:-1\" \/>\n<link rel=\"canonical\" href=\"https:\/\/aquaparque-madeira.com\/en\/informacoes-uteis\/\" \/>\n<meta property=\"og:locale\" content=\"en_US\" \/>\n<meta property=\"og:type\" content=\"article\" \/>\n<meta property=\"og:title\" content=\"Informa\u00e7\u00f5es \u00dateis - Aquaparque Madeira\" \/>\n<meta property=\"og:description\" content=\"Not\u00edcias e Avalia\u00e7\u00f5es\" \/>\n<meta property=\"og:url\" content=\"https:\/\/aquaparque-madeira.com\/en\/informacoes-uteis\/\" \/>\n<meta property=\"og:site_name\" content=\"Aquaparque Madeira\" \/>\n<meta property=\"article:modified_time\" content=\"2025-05-06T15:01:44+00:00\" \/>\n<meta property=\"og:image\" content=\"https:\/\/aquaparque-madeira.com\/wp-content\/uploads\/2022\/03\/info-11.png\" \/>\n\t<meta property=\"og:image:width\" content=\"1021\" \/>\n\t<meta property=\"og:image:height\" content=\"1251\" \/>\n\t<meta property=\"og:image:type\" content=\"image\/png\" \/>\n<meta name=\"twitter:card\" content=\"summary_large_image\" \/>\n<meta name=\"twitter:label1\" content=\"Est. reading time\" \/>\n\t<meta name=\"twitter:data1\" content=\"1 minute\" \/>\n<script type=\"application\/ld+json\" class=\"yoast-schema-graph\">{\"@context\":\"https:\\\/\\\/schema.org\",\"@graph\":[{\"@type\":\"WebPage\",\"@id\":\"https:\\\/\\\/aquaparque-madeira.com\\\/informacoes-uteis\\\/\",\"url\":\"https:\\\/\\\/aquaparque-madeira.com\\\/informacoes-uteis\\\/\",\"name\":\"Informa\u00e7\u00f5es \u00dateis - Aquaparque Madeira\",\"isPartOf\":{\"@id\":\"https:\\\/\\\/aquaparque-madeira.com\\\/#website\"},\"primaryImageOfPage\":{\"@id\":\"https:\\\/\\\/aquaparque-madeira.com\\\/informacoes-uteis\\\/#primaryimage\"},\"image\":{\"@id\":\"https:\\\/\\\/aquaparque-madeira.com\\\/informacoes-uteis\\\/#primaryimage\"},\"thumbnailUrl\":\"https:\\\/\\\/aquaparque-madeira.com\\\/wp-content\\\/uploads\\\/2022\\\/03\\\/info-11-836x1024.png\",\"datePublished\":\"2022-03-23T13:37:26+00:00\",\"dateModified\":\"2025-05-06T15:01:44+00:00\",\"breadcrumb\":{\"@id\":\"https:\\\/\\\/aquaparque-madeira.com\\\/informacoes-uteis\\\/#breadcrumb\"},\"inLanguage\":\"en-US\",\"potentialAction\":[{\"@type\":\"ReadAction\",\"target\":[\"https:\\\/\\\/aquaparque-madeira.com\\\/informacoes-uteis\\\/\"]}]},{\"@type\":\"ImageObject\",\"inLanguage\":\"en-US\",\"@id\":\"https:\\\/\\\/aquaparque-madeira.com\\\/informacoes-uteis\\\/#primaryimage\",\"url\":\"https:\\\/\\\/aquaparque-madeira.com\\\/wp-content\\\/uploads\\\/2022\\\/03\\\/info-11-836x1024.png\",\"contentUrl\":\"https:\\\/\\\/aquaparque-madeira.com\\\/wp-content\\\/uploads\\\/2022\\\/03\\\/info-11-836x1024.png\"},{\"@type\":\"BreadcrumbList\",\"@id\":\"https:\\\/\\\/aquaparque-madeira.com\\\/informacoes-uteis\\\/#breadcrumb\",\"itemListElement\":[{\"@type\":\"ListItem\",\"position\":1,\"name\":\"In\u00edcio\",\"item\":\"https:\\\/\\\/aquaparque-madeira.com\\\/\"},{\"@type\":\"ListItem\",\"position\":2,\"name\":\"Informa\u00e7\u00f5es \u00dateis\"}]},{\"@type\":\"WebSite\",\"@id\":\"https:\\\/\\\/aquaparque-madeira.com\\\/#website\",\"url\":\"https:\\\/\\\/aquaparque-madeira.com\\\/\",\"name\":\"Aquaparque Madeira\",\"description\":\"Descubra o Aquaparque da Madeira, onde a divers&atilde;o &eacute; garantida!\",\"publisher\":{\"@id\":\"https:\\\/\\\/aquaparque-madeira.com\\\/#organization\"},\"potentialAction\":[{\"@type\":\"SearchAction\",\"target\":{\"@type\":\"EntryPoint\",\"urlTemplate\":\"https:\\\/\\\/aquaparque-madeira.com\\\/?s={search_term_string}\"},\"query-input\":{\"@type\":\"PropertyValueSpecification\",\"valueRequired\":true,\"valueName\":\"search_term_string\"}}],\"inLanguage\":\"en-US\"},{\"@type\":\"Organization\",\"@id\":\"https:\\\/\\\/aquaparque-madeira.com\\\/#organization\",\"name\":\"Aquaparque Madeira\",\"url\":\"https:\\\/\\\/aquaparque-madeira.com\\\/\",\"logo\":{\"@type\":\"ImageObject\",\"inLanguage\":\"en-US\",\"@id\":\"https:\\\/\\\/aquaparque-madeira.com\\\/#\\\/schema\\\/logo\\\/image\\\/\",\"url\":\"https:\\\/\\\/aquaparque-madeira.com\\\/wp-content\\\/uploads\\\/2022\\\/03\\\/cropped-AquaParque-Logo.png\",\"contentUrl\":\"https:\\\/\\\/aquaparque-madeira.com\\\/wp-content\\\/uploads\\\/2022\\\/03\\\/cropped-AquaParque-Logo.png\",\"width\":70,\"height\":70,\"caption\":\"Aquaparque Madeira\"},\"image\":{\"@id\":\"https:\\\/\\\/aquaparque-madeira.com\\\/#\\\/schema\\\/logo\\\/image\\\/\"}}]}<\/script>\n<!-- \/ Yoast SEO plugin. -->","yoast_head_json":{"title":"Informa\u00e7\u00f5es \u00dateis - Aquaparque Madeira","robots":{"index":"index","follow":"follow","max-snippet":"max-snippet:-1","max-image-preview":"max-image-preview:large","max-video-preview":"max-video-preview:-1"},"canonical":"https:\/\/aquaparque-madeira.com\/en\/informacoes-uteis\/","og_locale":"en_US","og_type":"article","og_title":"Informa\u00e7\u00f5es \u00dateis - Aquaparque Madeira","og_description":"Not\u00edcias e Avalia\u00e7\u00f5es","og_url":"https:\/\/aquaparque-madeira.com\/en\/informacoes-uteis\/","og_site_name":"Aquaparque Madeira","article_modified_time":"2025-05-06T15:01:44+00:00","og_image":[{"width":1021,"height":1251,"url":"https:\/\/aquaparque-madeira.com\/wp-content\/uploads\/2022\/03\/info-11.png","type":"image\/png"}],"twitter_card":"summary_large_image","twitter_misc":{"Est. reading time":"1 minute"},"schema":{"@context":"https:\/\/schema.org","@graph":[{"@type":"WebPage","@id":"https:\/\/aquaparque-madeira.com\/informacoes-uteis\/","url":"https:\/\/aquaparque-madeira.com\/informacoes-uteis\/","name":"Informa\u00e7\u00f5es \u00dateis - Aquaparque Madeira","isPartOf":{"@id":"https:\/\/aquaparque-madeira.com\/#website"},"primaryImageOfPage":{"@id":"https:\/\/aquaparque-madeira.com\/informacoes-uteis\/#primaryimage"},"image":{"@id":"https:\/\/aquaparque-madeira.com\/informacoes-uteis\/#primaryimage"},"thumbnailUrl":"https:\/\/aquaparque-madeira.com\/wp-content\/uploads\/2022\/03\/info-11-836x1024.png","datePublished":"2022-03-23T13:37:26+00:00","dateModified":"2025-05-06T15:01:44+00:00","breadcrumb":{"@id":"https:\/\/aquaparque-madeira.com\/informacoes-uteis\/#breadcrumb"},"inLanguage":"en-US","potentialAction":[{"@type":"ReadAction","target":["https:\/\/aquaparque-madeira.com\/informacoes-uteis\/"]}]},{"@type":"ImageObject","inLanguage":"en-US","@id":"https:\/\/aquaparque-madeira.com\/informacoes-uteis\/#primaryimage","url":"https:\/\/aquaparque-madeira.com\/wp-content\/uploads\/2022\/03\/info-11-836x1024.png","contentUrl":"https:\/\/aquaparque-madeira.com\/wp-content\/uploads\/2022\/03\/info-11-836x1024.png"},{"@type":"BreadcrumbList","@id":"https:\/\/aquaparque-madeira.com\/informacoes-uteis\/#breadcrumb","itemListElement":[{"@type":"ListItem","position":1,"name":"In\u00edcio","item":"https:\/\/aquaparque-madeira.com\/"},{"@type":"ListItem","position":2,"name":"Informa\u00e7\u00f5es \u00dateis"}]},{"@type":"WebSite","@id":"https:\/\/aquaparque-madeira.com\/#website","url":"https:\/\/aquaparque-madeira.com\/","name":"Aquaparque Madeira","description":"Descubra o Aquaparque da Madeira, onde a divers&atilde;o &eacute; garantida!","publisher":{"@id":"https:\/\/aquaparque-madeira.com\/#organization"},"potentialAction":[{"@type":"SearchAction","target":{"@type":"EntryPoint","urlTemplate":"https:\/\/aquaparque-madeira.com\/?s={search_term_string}"},"query-input":{"@type":"PropertyValueSpecification","valueRequired":true,"valueName":"search_term_string"}}],"inLanguage":"en-US"},{"@type":"Organization","@id":"https:\/\/aquaparque-madeira.com\/#organization","name":"Aquaparque Madeira","url":"https:\/\/aquaparque-madeira.com\/","logo":{"@type":"ImageObject","inLanguage":"en-US","@id":"https:\/\/aquaparque-madeira.com\/#\/schema\/logo\/image\/","url":"https:\/\/aquaparque-madeira.com\/wp-content\/uploads\/2022\/03\/cropped-AquaParque-Logo.png","contentUrl":"https:\/\/aquaparque-madeira.com\/wp-content\/uploads\/2022\/03\/cropped-AquaParque-Logo.png","width":70,"height":70,"caption":"Aquaparque Madeira"},"image":{"@id":"https:\/\/aquaparque-madeira.com\/#\/schema\/logo\/image\/"}}]}},"_links":{"self":[{"href":"https:\/\/aquaparque-madeira.com\/en\/wp-json\/wp\/v2\/pages\/659","targetHints":{"allow":["GET"]}}],"collection":[{"href":"https:\/\/aquaparque-madeira.com\/en\/wp-json\/wp\/v2\/pages"}],"about":[{"href":"https:\/\/aquaparque-madeira.com\/en\/wp-json\/wp\/v2\/types\/page"}],"author":[{"embeddable":true,"href":"https:\/\/aquaparque-madeira.com\/en\/wp-json\/wp\/v2\/users\/2"}],"replies":[{"embeddable":true,"href":"https:\/\/aquaparque-madeira.com\/en\/wp-json\/wp\/v2\/comments?post=659"}],"version-history":[{"count":62,"href":"https:\/\/aquaparque-madeira.com\/en\/wp-json\/wp\/v2\/pages\/659\/revisions"}],"predecessor-version":[{"id":5499,"href":"https:\/\/aquaparque-madeira.com\/en\/wp-json\/wp\/v2\/pages\/659\/revisions\/5499"}],"wp:attachment":[{"href":"https:\/\/aquaparque-madeira.com\/en\/wp-json\/wp\/v2\/media?parent=659"}],"curies":[{"name":"wp","href":"https:\/\/api.w.org\/{rel}","templated":true}]}}