{"id":3414,"date":"2024-05-31T11:40:53","date_gmt":"2024-05-31T11:40:53","guid":{"rendered":"https:\/\/aquamadeira.com\/?page_id=3414"},"modified":"2024-05-31T11:49:41","modified_gmt":"2024-05-31T11:49:41","slug":"thai-massage","status":"publish","type":"page","link":"https:\/\/aquaparque-madeira.com\/en\/thai-massage\/","title":{"rendered":"Thai Massage"},"content":{"rendered":"<div data-elementor-type=\"wp-page\" data-elementor-id=\"3414\" class=\"elementor elementor-3414\">\n\t\t\t\t\t\t<section class=\"elementor-section elementor-top-section elementor-element elementor-element-aa2bf32 elementor-section-boxed elementor-section-height-default elementor-section-height-default\" data-id=\"aa2bf32\" data-element_type=\"section\" data-e-type=\"section\">\n\t\t\t\t\t\t<div class=\"elementor-container elementor-column-gap-default\">\n\t\t\t\t\t<div class=\"elementor-column elementor-col-100 elementor-top-column elementor-element elementor-element-b11d9fb\" data-id=\"b11d9fb\" data-element_type=\"column\" data-e-type=\"column\">\n\t\t\t<div class=\"elementor-widget-wrap elementor-element-populated\">\n\t\t\t\t\t\t<div class=\"elementor-element elementor-element-d3c5d19 elementor-widget elementor-widget-spacer\" data-id=\"d3c5d19\" data-element_type=\"widget\" data-e-type=\"widget\" data-widget_type=\"spacer.default\">\n\t\t\t\t<div class=\"elementor-widget-container\">\n\t\t\t\t\t\t\t<div class=\"elementor-spacer\">\n\t\t\t<div class=\"elementor-spacer-inner\"><\/div>\n\t\t<\/div>\n\t\t\t\t\t\t<\/div>\n\t\t\t\t<\/div>\n\t\t\t\t\t<\/div>\n\t\t<\/div>\n\t\t\t\t\t<\/div>\n\t\t<\/section>\n\t\t\t\t<section class=\"elementor-section elementor-top-section elementor-element elementor-element-229c6ab elementor-section-boxed elementor-section-height-default elementor-section-height-default\" data-id=\"229c6ab\" data-element_type=\"section\" data-e-type=\"section\">\n\t\t\t\t\t\t<div class=\"elementor-container elementor-column-gap-default\">\n\t\t\t\t\t<div class=\"elementor-column elementor-col-100 elementor-top-column elementor-element elementor-element-238c9fb\" data-id=\"238c9fb\" data-element_type=\"column\" data-e-type=\"column\">\n\t\t\t<div class=\"elementor-widget-wrap elementor-element-populated\">\n\t\t\t\t\t\t<div class=\"elementor-element elementor-element-f98f4af elementor-widget elementor-widget-image\" data-id=\"f98f4af\" data-element_type=\"widget\" data-e-type=\"widget\" data-widget_type=\"image.default\">\n\t\t\t\t<div class=\"elementor-widget-container\">\n\t\t\t\t\t\t\t\t\t\t\t\t\t\t\t<img fetchpriority=\"high\" decoding=\"async\" width=\"1075\" height=\"316\" src=\"https:\/\/aquaparque-madeira.com\/wp-content\/uploads\/2024\/05\/Thai-Massage-Banner3.jpg\" class=\"attachment-full size-full wp-image-3434\" alt=\"\" srcset=\"https:\/\/aquaparque-madeira.com\/wp-content\/uploads\/2024\/05\/Thai-Massage-Banner3.jpg 1075w, https:\/\/aquaparque-madeira.com\/wp-content\/uploads\/2024\/05\/Thai-Massage-Banner3-300x88.jpg 300w, https:\/\/aquaparque-madeira.com\/wp-content\/uploads\/2024\/05\/Thai-Massage-Banner3-1024x301.jpg 1024w, https:\/\/aquaparque-madeira.com\/wp-content\/uploads\/2024\/05\/Thai-Massage-Banner3-768x226.jpg 768w, https:\/\/aquaparque-madeira.com\/wp-content\/uploads\/2024\/05\/Thai-Massage-Banner3-18x5.jpg 18w\" sizes=\"(max-width: 1075px) 100vw, 1075px\" \/>\t\t\t\t\t\t\t\t\t\t\t\t\t\t\t<\/div>\n\t\t\t\t<\/div>\n\t\t\t\t\t<\/div>\n\t\t<\/div>\n\t\t\t\t\t<\/div>\n\t\t<\/section>\n\t\t\t\t<section class=\"elementor-section elementor-top-section elementor-element elementor-element-558ea25 elementor-section-boxed elementor-section-height-default elementor-section-height-default\" data-id=\"558ea25\" data-element_type=\"section\" data-e-type=\"section\">\n\t\t\t\t\t\t<div class=\"elementor-container elementor-column-gap-default\">\n\t\t\t\t\t<div class=\"elementor-column elementor-col-100 elementor-top-column elementor-element elementor-element-515fbda\" data-id=\"515fbda\" data-element_type=\"column\" data-e-type=\"column\">\n\t\t\t<div class=\"elementor-widget-wrap\">\n\t\t\t\t\t\t\t<\/div>\n\t\t<\/div>\n\t\t\t\t\t<\/div>\n\t\t<\/section>\n\t\t\t\t<section class=\"elementor-section elementor-top-section elementor-element elementor-element-de7e138 elementor-section-boxed elementor-section-height-default elementor-section-height-default\" data-id=\"de7e138\" data-element_type=\"section\" data-e-type=\"section\">\n\t\t\t\t\t\t<div class=\"elementor-container elementor-column-gap-default\">\n\t\t\t\t\t<div class=\"elementor-column elementor-col-100 elementor-top-column elementor-element elementor-element-f988173\" data-id=\"f988173\" data-element_type=\"column\" data-e-type=\"column\">\n\t\t\t<div class=\"elementor-widget-wrap elementor-element-populated\">\n\t\t\t\t\t\t<div class=\"elementor-element elementor-element-6fb31a3 elementor-widget elementor-widget-heading\" data-id=\"6fb31a3\" data-element_type=\"widget\" data-e-type=\"widget\" data-widget_type=\"heading.default\">\n\t\t\t\t<div class=\"elementor-widget-container\">\n\t\t\t\t\t<h3 class=\"elementor-heading-title elementor-size-default\">COME JOIN US IN A UNIQUE EXPERIENCE<\/h3>\t\t\t\t<\/div>\n\t\t\t\t<\/div>\n\t\t\t\t\t<\/div>\n\t\t<\/div>\n\t\t\t\t\t<\/div>\n\t\t<\/section>\n\t\t\t\t<section class=\"elementor-section elementor-top-section elementor-element elementor-element-f65f1d9 elementor-section-boxed elementor-section-height-default elementor-section-height-default\" data-id=\"f65f1d9\" data-element_type=\"section\" data-e-type=\"section\">\n\t\t\t\t\t\t<div class=\"elementor-container elementor-column-gap-default\">\n\t\t\t\t\t<div class=\"elementor-column elementor-col-100 elementor-top-column elementor-element elementor-element-8bcdd78\" data-id=\"8bcdd78\" data-element_type=\"column\" data-e-type=\"column\">\n\t\t\t<div class=\"elementor-widget-wrap elementor-element-populated\">\n\t\t\t\t\t\t<div class=\"elementor-element elementor-element-2514113 elementor-widget elementor-widget-spacer\" data-id=\"2514113\" data-element_type=\"widget\" data-e-type=\"widget\" data-widget_type=\"spacer.default\">\n\t\t\t\t<div class=\"elementor-widget-container\">\n\t\t\t\t\t\t\t<div class=\"elementor-spacer\">\n\t\t\t<div class=\"elementor-spacer-inner\"><\/div>\n\t\t<\/div>\n\t\t\t\t\t\t<\/div>\n\t\t\t\t<\/div>\n\t\t\t\t\t<\/div>\n\t\t<\/div>\n\t\t\t\t\t<\/div>\n\t\t<\/section>\n\t\t\t\t<section class=\"elementor-section elementor-top-section elementor-element elementor-element-07089e2 elementor-section-boxed elementor-section-height-default elementor-section-height-default\" data-id=\"07089e2\" data-element_type=\"section\" data-e-type=\"section\">\n\t\t\t\t\t\t<div class=\"elementor-container elementor-column-gap-default\">\n\t\t\t\t\t<div class=\"elementor-column elementor-col-50 elementor-top-column elementor-element elementor-element-34b717a\" data-id=\"34b717a\" data-element_type=\"column\" data-e-type=\"column\">\n\t\t\t<div class=\"elementor-widget-wrap elementor-element-populated\">\n\t\t\t\t\t\t<div class=\"elementor-element elementor-element-2f9b77f elementor-widget elementor-widget-image\" data-id=\"2f9b77f\" data-element_type=\"widget\" data-e-type=\"widget\" data-widget_type=\"image.default\">\n\t\t\t\t<div class=\"elementor-widget-container\">\n\t\t\t\t\t\t\t\t\t\t\t\t\t\t\t<img decoding=\"async\" width=\"768\" height=\"512\" src=\"https:\/\/aquaparque-madeira.com\/wp-content\/uploads\/2024\/05\/Thai-Massage1-768x512.jpg\" class=\"attachment-medium_large size-medium_large wp-image-3423\" alt=\"\" srcset=\"https:\/\/aquaparque-madeira.com\/wp-content\/uploads\/2024\/05\/Thai-Massage1-768x512.jpg 768w, https:\/\/aquaparque-madeira.com\/wp-content\/uploads\/2024\/05\/Thai-Massage1-300x200.jpg 300w, https:\/\/aquaparque-madeira.com\/wp-content\/uploads\/2024\/05\/Thai-Massage1-18x12.jpg 18w, https:\/\/aquaparque-madeira.com\/wp-content\/uploads\/2024\/05\/Thai-Massage1.jpg 1024w\" sizes=\"(max-width: 768px) 100vw, 768px\" \/>\t\t\t\t\t\t\t\t\t\t\t\t\t\t\t<\/div>\n\t\t\t\t<\/div>\n\t\t\t\t\t<\/div>\n\t\t<\/div>\n\t\t\t\t<div class=\"elementor-column elementor-col-50 elementor-top-column elementor-element elementor-element-0e4bf0f\" data-id=\"0e4bf0f\" data-element_type=\"column\" data-e-type=\"column\">\n\t\t\t<div class=\"elementor-widget-wrap elementor-element-populated\">\n\t\t\t\t\t\t<div class=\"elementor-element elementor-element-8cc511e elementor-widget elementor-widget-text-editor\" data-id=\"8cc511e\" data-element_type=\"widget\" data-e-type=\"widget\" data-widget_type=\"text-editor.default\">\n\t\t\t\t<div class=\"elementor-widget-container\">\n\t\t\t\t\t\t\t\t\t<p>Relax and rejuvenate your body and mind with our<br \/>traditional Thai Massage services!<\/p>\t\t\t\t\t\t\t\t<\/div>\n\t\t\t\t<\/div>\n\t\t\t\t\t<\/div>\n\t\t<\/div>\n\t\t\t\t\t<\/div>\n\t\t<\/section>\n\t\t\t\t<section class=\"elementor-section elementor-top-section elementor-element elementor-element-1be2748 elementor-section-boxed elementor-section-height-default elementor-section-height-default\" data-id=\"1be2748\" data-element_type=\"section\" data-e-type=\"section\">\n\t\t\t\t\t\t<div class=\"elementor-container elementor-column-gap-default\">\n\t\t\t\t\t<div class=\"elementor-column elementor-col-100 elementor-top-column elementor-element elementor-element-eb5a104\" data-id=\"eb5a104\" data-element_type=\"column\" data-e-type=\"column\">\n\t\t\t<div class=\"elementor-widget-wrap\">\n\t\t\t\t\t\t\t<\/div>\n\t\t<\/div>\n\t\t\t\t\t<\/div>\n\t\t<\/section>\n\t\t\t\t<section class=\"elementor-section elementor-top-section elementor-element elementor-element-4df5d25 elementor-section-boxed elementor-section-height-default elementor-section-height-default\" data-id=\"4df5d25\" data-element_type=\"section\" data-e-type=\"section\">\n\t\t\t\t\t\t<div class=\"elementor-container elementor-column-gap-default\">\n\t\t\t\t\t<div class=\"elementor-column elementor-col-33 elementor-top-column elementor-element elementor-element-75099b6\" data-id=\"75099b6\" data-element_type=\"column\" data-e-type=\"column\">\n\t\t\t<div class=\"elementor-widget-wrap elementor-element-populated\">\n\t\t\t\t\t\t<div class=\"elementor-element elementor-element-76ae5c5 elementor-widget elementor-widget-image\" data-id=\"76ae5c5\" data-element_type=\"widget\" data-e-type=\"widget\" data-widget_type=\"image.default\">\n\t\t\t\t<div class=\"elementor-widget-container\">\n\t\t\t\t\t\t\t\t\t\t\t\t\t\t\t<img decoding=\"async\" width=\"800\" height=\"534\" src=\"https:\/\/aquaparque-madeira.com\/wp-content\/uploads\/2024\/05\/Thai-Massage4.jpg\" class=\"attachment-large size-large wp-image-3426\" alt=\"\" srcset=\"https:\/\/aquaparque-madeira.com\/wp-content\/uploads\/2024\/05\/Thai-Massage4.jpg 1024w, https:\/\/aquaparque-madeira.com\/wp-content\/uploads\/2024\/05\/Thai-Massage4-300x200.jpg 300w, https:\/\/aquaparque-madeira.com\/wp-content\/uploads\/2024\/05\/Thai-Massage4-768x512.jpg 768w, https:\/\/aquaparque-madeira.com\/wp-content\/uploads\/2024\/05\/Thai-Massage4-18x12.jpg 18w\" sizes=\"(max-width: 800px) 100vw, 800px\" \/>\t\t\t\t\t\t\t\t\t\t\t\t\t\t\t<\/div>\n\t\t\t\t<\/div>\n\t\t\t\t\t<\/div>\n\t\t<\/div>\n\t\t\t\t<div class=\"elementor-column elementor-col-33 elementor-top-column elementor-element elementor-element-a154a45\" data-id=\"a154a45\" data-element_type=\"column\" data-e-type=\"column\">\n\t\t\t<div class=\"elementor-widget-wrap elementor-element-populated\">\n\t\t\t\t\t\t<div class=\"elementor-element elementor-element-77b2c86 elementor-widget elementor-widget-image\" data-id=\"77b2c86\" data-element_type=\"widget\" data-e-type=\"widget\" data-widget_type=\"image.default\">\n\t\t\t\t<div class=\"elementor-widget-container\">\n\t\t\t\t\t\t\t\t\t\t\t\t\t\t\t<img loading=\"lazy\" decoding=\"async\" width=\"800\" height=\"533\" src=\"https:\/\/aquaparque-madeira.com\/wp-content\/uploads\/2024\/05\/Thai-Massage3.jpg\" class=\"attachment-large size-large wp-image-3425\" alt=\"\" srcset=\"https:\/\/aquaparque-madeira.com\/wp-content\/uploads\/2024\/05\/Thai-Massage3.jpg 1024w, https:\/\/aquaparque-madeira.com\/wp-content\/uploads\/2024\/05\/Thai-Massage3-300x200.jpg 300w, https:\/\/aquaparque-madeira.com\/wp-content\/uploads\/2024\/05\/Thai-Massage3-768x512.jpg 768w, https:\/\/aquaparque-madeira.com\/wp-content\/uploads\/2024\/05\/Thai-Massage3-18x12.jpg 18w\" sizes=\"(max-width: 800px) 100vw, 800px\" \/>\t\t\t\t\t\t\t\t\t\t\t\t\t\t\t<\/div>\n\t\t\t\t<\/div>\n\t\t\t\t\t<\/div>\n\t\t<\/div>\n\t\t\t\t<div class=\"elementor-column elementor-col-33 elementor-top-column elementor-element elementor-element-ff22b3e\" data-id=\"ff22b3e\" data-element_type=\"column\" data-e-type=\"column\">\n\t\t\t<div class=\"elementor-widget-wrap elementor-element-populated\">\n\t\t\t\t\t\t<div class=\"elementor-element elementor-element-3d1a750 elementor-widget elementor-widget-image\" data-id=\"3d1a750\" data-element_type=\"widget\" data-e-type=\"widget\" data-widget_type=\"image.default\">\n\t\t\t\t<div class=\"elementor-widget-container\">\n\t\t\t\t\t\t\t\t\t\t\t\t\t\t\t<img loading=\"lazy\" decoding=\"async\" width=\"800\" height=\"533\" src=\"https:\/\/aquaparque-madeira.com\/wp-content\/uploads\/2024\/05\/Thai-Massage2.jpg\" class=\"attachment-large size-large wp-image-3424\" alt=\"\" srcset=\"https:\/\/aquaparque-madeira.com\/wp-content\/uploads\/2024\/05\/Thai-Massage2.jpg 1024w, https:\/\/aquaparque-madeira.com\/wp-content\/uploads\/2024\/05\/Thai-Massage2-300x200.jpg 300w, https:\/\/aquaparque-madeira.com\/wp-content\/uploads\/2024\/05\/Thai-Massage2-768x512.jpg 768w, https:\/\/aquaparque-madeira.com\/wp-content\/uploads\/2024\/05\/Thai-Massage2-18x12.jpg 18w\" sizes=\"(max-width: 800px) 100vw, 800px\" \/>\t\t\t\t\t\t\t\t\t\t\t\t\t\t\t<\/div>\n\t\t\t\t<\/div>\n\t\t\t\t\t<\/div>\n\t\t<\/div>\n\t\t\t\t\t<\/div>\n\t\t<\/section>\n\t\t\t\t<section class=\"elementor-section elementor-top-section elementor-element elementor-element-7c486f3 elementor-section-boxed elementor-section-height-default elementor-section-height-default\" data-id=\"7c486f3\" data-element_type=\"section\" data-e-type=\"section\">\n\t\t\t\t\t\t<div class=\"elementor-container elementor-column-gap-default\">\n\t\t\t\t\t<div class=\"elementor-column elementor-col-100 elementor-top-column elementor-element elementor-element-7810dfe\" data-id=\"7810dfe\" data-element_type=\"column\" data-e-type=\"column\">\n\t\t\t<div class=\"elementor-widget-wrap elementor-element-populated\">\n\t\t\t\t\t\t<div class=\"elementor-element elementor-element-8e4f0a0 elementor-widget elementor-widget-spacer\" data-id=\"8e4f0a0\" data-element_type=\"widget\" data-e-type=\"widget\" data-widget_type=\"spacer.default\">\n\t\t\t\t<div class=\"elementor-widget-container\">\n\t\t\t\t\t\t\t<div class=\"elementor-spacer\">\n\t\t\t<div class=\"elementor-spacer-inner\"><\/div>\n\t\t<\/div>\n\t\t\t\t\t\t<\/div>\n\t\t\t\t<\/div>\n\t\t\t\t\t<\/div>\n\t\t<\/div>\n\t\t\t\t\t<\/div>\n\t\t<\/section>\n\t\t\t\t<\/div>","protected":false},"excerpt":{"rendered":"<p>VENHA USUFRUIR DE UMA EXPERI\u00caNCIA \u00daNICA Relaxe e rejuvenes\u00e7a o seu corpo e mente com o nossoservi\u00e7o de massagens tailandesas tradicionais!<\/p>","protected":false},"author":2,"featured_media":0,"parent":0,"menu_order":0,"comment_status":"closed","ping_status":"closed","template":"","meta":{"_coblocks_attr":"","_coblocks_dimensions":"","_coblocks_responsive_height":"","_coblocks_accordion_ie_support":"","footnotes":""},"class_list":["post-3414","page","type-page","status-publish","hentry"],"yoast_head":"<!-- This site is optimized with the Yoast SEO plugin v27.4 - https:\/\/yoast.com\/product\/yoast-seo-wordpress\/ -->\n<title>Thai Massage - Aquaparque Madeira<\/title>\n<meta name=\"robots\" content=\"index, follow, max-snippet:-1, max-image-preview:large, max-video-preview:-1\" \/>\n<link rel=\"canonical\" href=\"https:\/\/aquaparque-madeira.com\/en\/thai-massage\/\" \/>\n<meta property=\"og:locale\" content=\"en_US\" \/>\n<meta property=\"og:type\" content=\"article\" \/>\n<meta property=\"og:title\" content=\"Thai Massage - Aquaparque Madeira\" \/>\n<meta property=\"og:description\" content=\"VENHA USUFRUIR DE UMA EXPERI\u00caNCIA \u00daNICA Relaxe e rejuvenes\u00e7a o seu corpo e mente com o nossoservi\u00e7o de massagens tailandesas tradicionais!\" \/>\n<meta property=\"og:url\" content=\"https:\/\/aquaparque-madeira.com\/en\/thai-massage\/\" \/>\n<meta property=\"og:site_name\" content=\"Aquaparque Madeira\" \/>\n<meta property=\"article:modified_time\" content=\"2024-05-31T11:49:41+00:00\" \/>\n<meta property=\"og:image\" content=\"https:\/\/aquamadeira.com\/wp-content\/uploads\/2024\/05\/Thai-Massage-Banner3.jpg\" \/>\n<meta name=\"twitter:card\" content=\"summary_large_image\" \/>\n<meta name=\"twitter:label1\" content=\"Est. reading time\" \/>\n\t<meta name=\"twitter:data1\" content=\"2 minutes\" \/>\n<script type=\"application\/ld+json\" class=\"yoast-schema-graph\">{\"@context\":\"https:\\\/\\\/schema.org\",\"@graph\":[{\"@type\":\"WebPage\",\"@id\":\"https:\\\/\\\/aquaparque-madeira.com\\\/thai-massage\\\/\",\"url\":\"https:\\\/\\\/aquaparque-madeira.com\\\/thai-massage\\\/\",\"name\":\"Thai Massage - Aquaparque Madeira\",\"isPartOf\":{\"@id\":\"https:\\\/\\\/aquaparque-madeira.com\\\/#website\"},\"primaryImageOfPage\":{\"@id\":\"https:\\\/\\\/aquaparque-madeira.com\\\/thai-massage\\\/#primaryimage\"},\"image\":{\"@id\":\"https:\\\/\\\/aquaparque-madeira.com\\\/thai-massage\\\/#primaryimage\"},\"thumbnailUrl\":\"https:\\\/\\\/aquamadeira.com\\\/wp-content\\\/uploads\\\/2024\\\/05\\\/Thai-Massage-Banner3.jpg\",\"datePublished\":\"2024-05-31T11:40:53+00:00\",\"dateModified\":\"2024-05-31T11:49:41+00:00\",\"breadcrumb\":{\"@id\":\"https:\\\/\\\/aquaparque-madeira.com\\\/thai-massage\\\/#breadcrumb\"},\"inLanguage\":\"en-US\",\"potentialAction\":[{\"@type\":\"ReadAction\",\"target\":[\"https:\\\/\\\/aquaparque-madeira.com\\\/thai-massage\\\/\"]}]},{\"@type\":\"ImageObject\",\"inLanguage\":\"en-US\",\"@id\":\"https:\\\/\\\/aquaparque-madeira.com\\\/thai-massage\\\/#primaryimage\",\"url\":\"https:\\\/\\\/aquamadeira.com\\\/wp-content\\\/uploads\\\/2024\\\/05\\\/Thai-Massage-Banner3.jpg\",\"contentUrl\":\"https:\\\/\\\/aquamadeira.com\\\/wp-content\\\/uploads\\\/2024\\\/05\\\/Thai-Massage-Banner3.jpg\"},{\"@type\":\"BreadcrumbList\",\"@id\":\"https:\\\/\\\/aquaparque-madeira.com\\\/thai-massage\\\/#breadcrumb\",\"itemListElement\":[{\"@type\":\"ListItem\",\"position\":1,\"name\":\"In\u00edcio\",\"item\":\"https:\\\/\\\/aquaparque-madeira.com\\\/\"},{\"@type\":\"ListItem\",\"position\":2,\"name\":\"Thai Massage\"}]},{\"@type\":\"WebSite\",\"@id\":\"https:\\\/\\\/aquaparque-madeira.com\\\/#website\",\"url\":\"https:\\\/\\\/aquaparque-madeira.com\\\/\",\"name\":\"Aquaparque Madeira\",\"description\":\"Descubra o Aquaparque da Madeira, onde a divers&atilde;o &eacute; garantida!\",\"publisher\":{\"@id\":\"https:\\\/\\\/aquaparque-madeira.com\\\/#organization\"},\"potentialAction\":[{\"@type\":\"SearchAction\",\"target\":{\"@type\":\"EntryPoint\",\"urlTemplate\":\"https:\\\/\\\/aquaparque-madeira.com\\\/?s={search_term_string}\"},\"query-input\":{\"@type\":\"PropertyValueSpecification\",\"valueRequired\":true,\"valueName\":\"search_term_string\"}}],\"inLanguage\":\"en-US\"},{\"@type\":\"Organization\",\"@id\":\"https:\\\/\\\/aquaparque-madeira.com\\\/#organization\",\"name\":\"Aquaparque Madeira\",\"url\":\"https:\\\/\\\/aquaparque-madeira.com\\\/\",\"logo\":{\"@type\":\"ImageObject\",\"inLanguage\":\"en-US\",\"@id\":\"https:\\\/\\\/aquaparque-madeira.com\\\/#\\\/schema\\\/logo\\\/image\\\/\",\"url\":\"https:\\\/\\\/aquaparque-madeira.com\\\/wp-content\\\/uploads\\\/2022\\\/03\\\/cropped-AquaParque-Logo.png\",\"contentUrl\":\"https:\\\/\\\/aquaparque-madeira.com\\\/wp-content\\\/uploads\\\/2022\\\/03\\\/cropped-AquaParque-Logo.png\",\"width\":70,\"height\":70,\"caption\":\"Aquaparque Madeira\"},\"image\":{\"@id\":\"https:\\\/\\\/aquaparque-madeira.com\\\/#\\\/schema\\\/logo\\\/image\\\/\"}}]}<\/script>\n<!-- \/ Yoast SEO plugin. -->","yoast_head_json":{"title":"Thai Massage - Aquaparque Madeira","robots":{"index":"index","follow":"follow","max-snippet":"max-snippet:-1","max-image-preview":"max-image-preview:large","max-video-preview":"max-video-preview:-1"},"canonical":"https:\/\/aquaparque-madeira.com\/en\/thai-massage\/","og_locale":"en_US","og_type":"article","og_title":"Thai Massage - Aquaparque Madeira","og_description":"VENHA USUFRUIR DE UMA EXPERI\u00caNCIA \u00daNICA Relaxe e rejuvenes\u00e7a o seu corpo e mente com o nossoservi\u00e7o de massagens tailandesas tradicionais!","og_url":"https:\/\/aquaparque-madeira.com\/en\/thai-massage\/","og_site_name":"Aquaparque Madeira","article_modified_time":"2024-05-31T11:49:41+00:00","og_image":[{"url":"https:\/\/aquamadeira.com\/wp-content\/uploads\/2024\/05\/Thai-Massage-Banner3.jpg","type":"","width":"","height":""}],"twitter_card":"summary_large_image","twitter_misc":{"Est. reading time":"2 minutes"},"schema":{"@context":"https:\/\/schema.org","@graph":[{"@type":"WebPage","@id":"https:\/\/aquaparque-madeira.com\/thai-massage\/","url":"https:\/\/aquaparque-madeira.com\/thai-massage\/","name":"Thai Massage - Aquaparque Madeira","isPartOf":{"@id":"https:\/\/aquaparque-madeira.com\/#website"},"primaryImageOfPage":{"@id":"https:\/\/aquaparque-madeira.com\/thai-massage\/#primaryimage"},"image":{"@id":"https:\/\/aquaparque-madeira.com\/thai-massage\/#primaryimage"},"thumbnailUrl":"https:\/\/aquamadeira.com\/wp-content\/uploads\/2024\/05\/Thai-Massage-Banner3.jpg","datePublished":"2024-05-31T11:40:53+00:00","dateModified":"2024-05-31T11:49:41+00:00","breadcrumb":{"@id":"https:\/\/aquaparque-madeira.com\/thai-massage\/#breadcrumb"},"inLanguage":"en-US","potentialAction":[{"@type":"ReadAction","target":["https:\/\/aquaparque-madeira.com\/thai-massage\/"]}]},{"@type":"ImageObject","inLanguage":"en-US","@id":"https:\/\/aquaparque-madeira.com\/thai-massage\/#primaryimage","url":"https:\/\/aquamadeira.com\/wp-content\/uploads\/2024\/05\/Thai-Massage-Banner3.jpg","contentUrl":"https:\/\/aquamadeira.com\/wp-content\/uploads\/2024\/05\/Thai-Massage-Banner3.jpg"},{"@type":"BreadcrumbList","@id":"https:\/\/aquaparque-madeira.com\/thai-massage\/#breadcrumb","itemListElement":[{"@type":"ListItem","position":1,"name":"In\u00edcio","item":"https:\/\/aquaparque-madeira.com\/"},{"@type":"ListItem","position":2,"name":"Thai Massage"}]},{"@type":"WebSite","@id":"https:\/\/aquaparque-madeira.com\/#website","url":"https:\/\/aquaparque-madeira.com\/","name":"Aquaparque Madeira","description":"Descubra o Aquaparque da Madeira, onde a divers&atilde;o &eacute; garantida!","publisher":{"@id":"https:\/\/aquaparque-madeira.com\/#organization"},"potentialAction":[{"@type":"SearchAction","target":{"@type":"EntryPoint","urlTemplate":"https:\/\/aquaparque-madeira.com\/?s={search_term_string}"},"query-input":{"@type":"PropertyValueSpecification","valueRequired":true,"valueName":"search_term_string"}}],"inLanguage":"en-US"},{"@type":"Organization","@id":"https:\/\/aquaparque-madeira.com\/#organization","name":"Aquaparque Madeira","url":"https:\/\/aquaparque-madeira.com\/","logo":{"@type":"ImageObject","inLanguage":"en-US","@id":"https:\/\/aquaparque-madeira.com\/#\/schema\/logo\/image\/","url":"https:\/\/aquaparque-madeira.com\/wp-content\/uploads\/2022\/03\/cropped-AquaParque-Logo.png","contentUrl":"https:\/\/aquaparque-madeira.com\/wp-content\/uploads\/2022\/03\/cropped-AquaParque-Logo.png","width":70,"height":70,"caption":"Aquaparque Madeira"},"image":{"@id":"https:\/\/aquaparque-madeira.com\/#\/schema\/logo\/image\/"}}]}},"_links":{"self":[{"href":"https:\/\/aquaparque-madeira.com\/en\/wp-json\/wp\/v2\/pages\/3414","targetHints":{"allow":["GET"]}}],"collection":[{"href":"https:\/\/aquaparque-madeira.com\/en\/wp-json\/wp\/v2\/pages"}],"about":[{"href":"https:\/\/aquaparque-madeira.com\/en\/wp-json\/wp\/v2\/types\/page"}],"author":[{"embeddable":true,"href":"https:\/\/aquaparque-madeira.com\/en\/wp-json\/wp\/v2\/users\/2"}],"replies":[{"embeddable":true,"href":"https:\/\/aquaparque-madeira.com\/en\/wp-json\/wp\/v2\/comments?post=3414"}],"version-history":[{"count":14,"href":"https:\/\/aquaparque-madeira.com\/en\/wp-json\/wp\/v2\/pages\/3414\/revisions"}],"predecessor-version":[{"id":3437,"href":"https:\/\/aquaparque-madeira.com\/en\/wp-json\/wp\/v2\/pages\/3414\/revisions\/3437"}],"wp:attachment":[{"href":"https:\/\/aquaparque-madeira.com\/en\/wp-json\/wp\/v2\/media?parent=3414"}],"curies":[{"name":"wp","href":"https:\/\/api.w.org\/{rel}","templated":true}]}}