{"id":197,"date":"2022-03-12T15:57:50","date_gmt":"2022-03-12T15:57:50","guid":{"rendered":"https:\/\/aquamadeira.com\/?page_id=197"},"modified":"2023-04-22T13:30:21","modified_gmt":"2023-04-22T13:30:21","slug":"o-parque","status":"publish","type":"page","link":"https:\/\/aquaparque-madeira.com\/en\/informacoes-uteis\/o-parque\/","title":{"rendered":"The Park"},"content":{"rendered":"<div data-elementor-type=\"wp-page\" data-elementor-id=\"197\" class=\"elementor elementor-197\">\n\t\t\t\t\t\t<section class=\"elementor-section elementor-top-section elementor-element elementor-element-3d69988 elementor-section-boxed elementor-section-height-default elementor-section-height-default\" data-id=\"3d69988\" data-element_type=\"section\" data-e-type=\"section\">\n\t\t\t\t\t\t<div class=\"elementor-container elementor-column-gap-default\">\n\t\t\t\t\t<div class=\"elementor-column elementor-col-100 elementor-top-column elementor-element elementor-element-067f459\" data-id=\"067f459\" data-element_type=\"column\" data-e-type=\"column\">\n\t\t\t<div class=\"elementor-widget-wrap elementor-element-populated\">\n\t\t\t\t\t\t<div class=\"elementor-element elementor-element-dd1694e elementor-widget elementor-widget-spacer\" data-id=\"dd1694e\" data-element_type=\"widget\" data-e-type=\"widget\" data-widget_type=\"spacer.default\">\n\t\t\t\t<div class=\"elementor-widget-container\">\n\t\t\t\t\t\t\t<div class=\"elementor-spacer\">\n\t\t\t<div class=\"elementor-spacer-inner\"><\/div>\n\t\t<\/div>\n\t\t\t\t\t\t<\/div>\n\t\t\t\t<\/div>\n\t\t\t\t\t<\/div>\n\t\t<\/div>\n\t\t\t\t\t<\/div>\n\t\t<\/section>\n\t\t\t\t<section class=\"elementor-section elementor-top-section elementor-element elementor-element-e80b2f4 elementor-section-boxed elementor-section-height-default elementor-section-height-default\" data-id=\"e80b2f4\" data-element_type=\"section\" data-e-type=\"section\">\n\t\t\t\t\t\t<div class=\"elementor-container elementor-column-gap-default\">\n\t\t\t\t\t<div class=\"elementor-column elementor-col-33 elementor-top-column elementor-element elementor-element-8d773b1\" data-id=\"8d773b1\" data-element_type=\"column\" data-e-type=\"column\">\n\t\t\t<div class=\"elementor-widget-wrap elementor-element-populated\">\n\t\t\t\t\t\t<div class=\"elementor-element elementor-element-306efaa elementor-widget elementor-widget-image\" data-id=\"306efaa\" data-element_type=\"widget\" data-e-type=\"widget\" data-widget_type=\"image.default\">\n\t\t\t\t<div class=\"elementor-widget-container\">\n\t\t\t\t\t\t\t\t\t\t\t\t\t\t\t\t<a href=\"https:\/\/aquamadeira.com\/regulamento-interno_aquaparque\/\">\n\t\t\t\t\t\t\t<img fetchpriority=\"high\" decoding=\"async\" width=\"800\" height=\"980\" src=\"https:\/\/aquaparque-madeira.com\/wp-content\/uploads\/2025\/05\/Safety-Rules.png\" class=\"attachment-large size-large wp-image-639\" alt=\"\" srcset=\"https:\/\/aquaparque-madeira.com\/wp-content\/uploads\/2025\/05\/Safety-Rules.png 981w, https:\/\/aquaparque-madeira.com\/wp-content\/uploads\/2025\/05\/Safety-Rules-245x300.png 245w, https:\/\/aquaparque-madeira.com\/wp-content\/uploads\/2025\/05\/Safety-Rules-836x1024.png 836w, https:\/\/aquaparque-madeira.com\/wp-content\/uploads\/2025\/05\/Safety-Rules-768x940.png 768w, https:\/\/aquaparque-madeira.com\/wp-content\/uploads\/2025\/05\/Safety-Rules-10x12.png 10w\" sizes=\"(max-width: 800px) 100vw, 800px\" \/>\t\t\t\t\t\t\t\t<\/a>\n\t\t\t\t\t\t\t\t\t\t\t\t\t\t\t<\/div>\n\t\t\t\t<\/div>\n\t\t\t\t\t<\/div>\n\t\t<\/div>\n\t\t\t\t<div class=\"elementor-column elementor-col-33 elementor-top-column elementor-element elementor-element-2f69a12\" data-id=\"2f69a12\" data-element_type=\"column\" data-e-type=\"column\">\n\t\t\t<div class=\"elementor-widget-wrap elementor-element-populated\">\n\t\t\t\t\t\t<div class=\"elementor-element elementor-element-e25843f elementor-widget elementor-widget-image\" data-id=\"e25843f\" data-element_type=\"widget\" data-e-type=\"widget\" data-widget_type=\"image.default\">\n\t\t\t\t<div class=\"elementor-widget-container\">\n\t\t\t\t\t\t\t\t\t\t\t\t\t\t\t<img decoding=\"async\" width=\"800\" height=\"979\" src=\"https:\/\/aquaparque-madeira.com\/wp-content\/uploads\/2023\/04\/horario-837x1024.png\" class=\"attachment-large size-large wp-image-1383\" alt=\"\" srcset=\"https:\/\/aquaparque-madeira.com\/wp-content\/uploads\/2023\/04\/horario-837x1024.png 837w, https:\/\/aquaparque-madeira.com\/wp-content\/uploads\/2023\/04\/horario-245x300.png 245w, https:\/\/aquaparque-madeira.com\/wp-content\/uploads\/2023\/04\/horario-768x940.png 768w, https:\/\/aquaparque-madeira.com\/wp-content\/uploads\/2023\/04\/horario-10x12.png 10w, https:\/\/aquaparque-madeira.com\/wp-content\/uploads\/2023\/04\/horario.png 1022w\" sizes=\"(max-width: 800px) 100vw, 800px\" \/>\t\t\t\t\t\t\t\t\t\t\t\t\t\t\t<\/div>\n\t\t\t\t<\/div>\n\t\t\t\t\t<\/div>\n\t\t<\/div>\n\t\t\t\t<div class=\"elementor-column elementor-col-33 elementor-top-column elementor-element elementor-element-f85c7a6\" data-id=\"f85c7a6\" data-element_type=\"column\" data-e-type=\"column\">\n\t\t\t<div class=\"elementor-widget-wrap elementor-element-populated\">\n\t\t\t\t\t\t<div class=\"elementor-element elementor-element-93e3b91 elementor-widget elementor-widget-image\" data-id=\"93e3b91\" data-element_type=\"widget\" data-e-type=\"widget\" data-widget_type=\"image.default\">\n\t\t\t\t<div class=\"elementor-widget-container\">\n\t\t\t\t\t\t\t\t\t\t\t\t\t\t\t\t<a href=\"https:\/\/aquamadeira.com\/wp-content\/uploads\/2022\/05\/Aquaparque-SAM-Horarios.pdf\">\n\t\t\t\t\t\t\t<img decoding=\"async\" width=\"800\" height=\"979\" src=\"https:\/\/aquaparque-madeira.com\/wp-content\/uploads\/2022\/05\/sam-31-837x1024.png\" class=\"attachment-large size-large wp-image-1133\" alt=\"\" srcset=\"https:\/\/aquaparque-madeira.com\/wp-content\/uploads\/2022\/05\/sam-31-837x1024.png 837w, https:\/\/aquaparque-madeira.com\/wp-content\/uploads\/2022\/05\/sam-31-245x300.png 245w, https:\/\/aquaparque-madeira.com\/wp-content\/uploads\/2022\/05\/sam-31-768x940.png 768w, https:\/\/aquaparque-madeira.com\/wp-content\/uploads\/2022\/05\/sam-31-10x12.png 10w, https:\/\/aquaparque-madeira.com\/wp-content\/uploads\/2022\/05\/sam-31.png 1022w\" sizes=\"(max-width: 800px) 100vw, 800px\" \/>\t\t\t\t\t\t\t\t<\/a>\n\t\t\t\t\t\t\t\t\t\t\t\t\t\t\t<\/div>\n\t\t\t\t<\/div>\n\t\t\t\t\t<\/div>\n\t\t<\/div>\n\t\t\t\t\t<\/div>\n\t\t<\/section>\n\t\t\t\t<section class=\"elementor-section elementor-top-section elementor-element elementor-element-b78c180 elementor-section-boxed elementor-section-height-default elementor-section-height-default\" data-id=\"b78c180\" data-element_type=\"section\" data-e-type=\"section\">\n\t\t\t\t\t\t<div class=\"elementor-container elementor-column-gap-default\">\n\t\t\t\t\t<div class=\"elementor-column elementor-col-100 elementor-top-column elementor-element elementor-element-2002f1c\" data-id=\"2002f1c\" data-element_type=\"column\" data-e-type=\"column\">\n\t\t\t<div class=\"elementor-widget-wrap elementor-element-populated\">\n\t\t\t\t\t\t<div class=\"elementor-element elementor-element-682dd52 elementor-widget elementor-widget-spacer\" data-id=\"682dd52\" data-element_type=\"widget\" data-e-type=\"widget\" data-widget_type=\"spacer.default\">\n\t\t\t\t<div class=\"elementor-widget-container\">\n\t\t\t\t\t\t\t<div class=\"elementor-spacer\">\n\t\t\t<div class=\"elementor-spacer-inner\"><\/div>\n\t\t<\/div>\n\t\t\t\t\t\t<\/div>\n\t\t\t\t<\/div>\n\t\t\t\t\t<\/div>\n\t\t<\/div>\n\t\t\t\t\t<\/div>\n\t\t<\/section>\n\t\t\t\t<\/div>","protected":false},"excerpt":{"rendered":"","protected":false},"author":2,"featured_media":0,"parent":659,"menu_order":0,"comment_status":"closed","ping_status":"closed","template":"","meta":{"_coblocks_attr":"","_coblocks_dimensions":"","_coblocks_responsive_height":"","_coblocks_accordion_ie_support":"","footnotes":""},"class_list":["post-197","page","type-page","status-publish","hentry"],"yoast_head":"<!-- This site is optimized with the Yoast SEO plugin v27.4 - https:\/\/yoast.com\/product\/yoast-seo-wordpress\/ -->\n<title>O Parque - Aquaparque Madeira<\/title>\n<meta name=\"robots\" content=\"index, follow, max-snippet:-1, max-image-preview:large, max-video-preview:-1\" \/>\n<link rel=\"canonical\" href=\"https:\/\/aquaparque-madeira.com\/en\/informacoes-uteis\/o-parque\/\" \/>\n<meta property=\"og:locale\" content=\"en_US\" \/>\n<meta property=\"og:type\" content=\"article\" \/>\n<meta property=\"og:title\" content=\"O Parque - Aquaparque Madeira\" \/>\n<meta property=\"og:url\" content=\"https:\/\/aquaparque-madeira.com\/en\/informacoes-uteis\/o-parque\/\" \/>\n<meta property=\"og:site_name\" content=\"Aquaparque Madeira\" \/>\n<meta property=\"article:modified_time\" content=\"2023-04-22T13:30:21+00:00\" \/>\n<meta property=\"og:image\" content=\"https:\/\/aquamadeira.com\/wp-content\/uploads\/2022\/03\/info-11-836x1024.png\" \/>\n<meta name=\"twitter:card\" content=\"summary_large_image\" \/>\n<meta name=\"twitter:label1\" content=\"Est. reading time\" \/>\n\t<meta name=\"twitter:data1\" content=\"1 minute\" \/>\n<script type=\"application\/ld+json\" class=\"yoast-schema-graph\">{\"@context\":\"https:\\\/\\\/schema.org\",\"@graph\":[{\"@type\":\"WebPage\",\"@id\":\"https:\\\/\\\/aquaparque-madeira.com\\\/informacoes-uteis\\\/o-parque\\\/\",\"url\":\"https:\\\/\\\/aquaparque-madeira.com\\\/informacoes-uteis\\\/o-parque\\\/\",\"name\":\"O Parque - Aquaparque Madeira\",\"isPartOf\":{\"@id\":\"https:\\\/\\\/aquaparque-madeira.com\\\/#website\"},\"primaryImageOfPage\":{\"@id\":\"https:\\\/\\\/aquaparque-madeira.com\\\/informacoes-uteis\\\/o-parque\\\/#primaryimage\"},\"image\":{\"@id\":\"https:\\\/\\\/aquaparque-madeira.com\\\/informacoes-uteis\\\/o-parque\\\/#primaryimage\"},\"thumbnailUrl\":\"https:\\\/\\\/aquamadeira.com\\\/wp-content\\\/uploads\\\/2022\\\/03\\\/info-11-836x1024.png\",\"datePublished\":\"2022-03-12T15:57:50+00:00\",\"dateModified\":\"2023-04-22T13:30:21+00:00\",\"breadcrumb\":{\"@id\":\"https:\\\/\\\/aquaparque-madeira.com\\\/informacoes-uteis\\\/o-parque\\\/#breadcrumb\"},\"inLanguage\":\"en-US\",\"potentialAction\":[{\"@type\":\"ReadAction\",\"target\":[\"https:\\\/\\\/aquaparque-madeira.com\\\/informacoes-uteis\\\/o-parque\\\/\"]}]},{\"@type\":\"ImageObject\",\"inLanguage\":\"en-US\",\"@id\":\"https:\\\/\\\/aquaparque-madeira.com\\\/informacoes-uteis\\\/o-parque\\\/#primaryimage\",\"url\":\"https:\\\/\\\/aquamadeira.com\\\/wp-content\\\/uploads\\\/2022\\\/03\\\/info-11-836x1024.png\",\"contentUrl\":\"https:\\\/\\\/aquamadeira.com\\\/wp-content\\\/uploads\\\/2022\\\/03\\\/info-11-836x1024.png\"},{\"@type\":\"BreadcrumbList\",\"@id\":\"https:\\\/\\\/aquaparque-madeira.com\\\/informacoes-uteis\\\/o-parque\\\/#breadcrumb\",\"itemListElement\":[{\"@type\":\"ListItem\",\"position\":1,\"name\":\"In\u00edcio\",\"item\":\"https:\\\/\\\/aquaparque-madeira.com\\\/\"},{\"@type\":\"ListItem\",\"position\":2,\"name\":\"Informa\u00e7\u00f5es \u00dateis\",\"item\":\"https:\\\/\\\/aquaparque-madeira.com\\\/informacoes-uteis\\\/\"},{\"@type\":\"ListItem\",\"position\":3,\"name\":\"O Parque\"}]},{\"@type\":\"WebSite\",\"@id\":\"https:\\\/\\\/aquaparque-madeira.com\\\/#website\",\"url\":\"https:\\\/\\\/aquaparque-madeira.com\\\/\",\"name\":\"Aquaparque Madeira\",\"description\":\"Descubra o Aquaparque da Madeira, onde a divers&atilde;o &eacute; garantida!\",\"publisher\":{\"@id\":\"https:\\\/\\\/aquaparque-madeira.com\\\/#organization\"},\"potentialAction\":[{\"@type\":\"SearchAction\",\"target\":{\"@type\":\"EntryPoint\",\"urlTemplate\":\"https:\\\/\\\/aquaparque-madeira.com\\\/?s={search_term_string}\"},\"query-input\":{\"@type\":\"PropertyValueSpecification\",\"valueRequired\":true,\"valueName\":\"search_term_string\"}}],\"inLanguage\":\"en-US\"},{\"@type\":\"Organization\",\"@id\":\"https:\\\/\\\/aquaparque-madeira.com\\\/#organization\",\"name\":\"Aquaparque Madeira\",\"url\":\"https:\\\/\\\/aquaparque-madeira.com\\\/\",\"logo\":{\"@type\":\"ImageObject\",\"inLanguage\":\"en-US\",\"@id\":\"https:\\\/\\\/aquaparque-madeira.com\\\/#\\\/schema\\\/logo\\\/image\\\/\",\"url\":\"https:\\\/\\\/aquaparque-madeira.com\\\/wp-content\\\/uploads\\\/2022\\\/03\\\/cropped-AquaParque-Logo.png\",\"contentUrl\":\"https:\\\/\\\/aquaparque-madeira.com\\\/wp-content\\\/uploads\\\/2022\\\/03\\\/cropped-AquaParque-Logo.png\",\"width\":70,\"height\":70,\"caption\":\"Aquaparque Madeira\"},\"image\":{\"@id\":\"https:\\\/\\\/aquaparque-madeira.com\\\/#\\\/schema\\\/logo\\\/image\\\/\"}}]}<\/script>\n<!-- \/ Yoast SEO plugin. -->","yoast_head_json":{"title":"O Parque - Aquaparque Madeira","robots":{"index":"index","follow":"follow","max-snippet":"max-snippet:-1","max-image-preview":"max-image-preview:large","max-video-preview":"max-video-preview:-1"},"canonical":"https:\/\/aquaparque-madeira.com\/en\/informacoes-uteis\/o-parque\/","og_locale":"en_US","og_type":"article","og_title":"O Parque - Aquaparque Madeira","og_url":"https:\/\/aquaparque-madeira.com\/en\/informacoes-uteis\/o-parque\/","og_site_name":"Aquaparque Madeira","article_modified_time":"2023-04-22T13:30:21+00:00","og_image":[{"url":"https:\/\/aquamadeira.com\/wp-content\/uploads\/2022\/03\/info-11-836x1024.png","type":"","width":"","height":""}],"twitter_card":"summary_large_image","twitter_misc":{"Est. reading time":"1 minute"},"schema":{"@context":"https:\/\/schema.org","@graph":[{"@type":"WebPage","@id":"https:\/\/aquaparque-madeira.com\/informacoes-uteis\/o-parque\/","url":"https:\/\/aquaparque-madeira.com\/informacoes-uteis\/o-parque\/","name":"O Parque - Aquaparque Madeira","isPartOf":{"@id":"https:\/\/aquaparque-madeira.com\/#website"},"primaryImageOfPage":{"@id":"https:\/\/aquaparque-madeira.com\/informacoes-uteis\/o-parque\/#primaryimage"},"image":{"@id":"https:\/\/aquaparque-madeira.com\/informacoes-uteis\/o-parque\/#primaryimage"},"thumbnailUrl":"https:\/\/aquamadeira.com\/wp-content\/uploads\/2022\/03\/info-11-836x1024.png","datePublished":"2022-03-12T15:57:50+00:00","dateModified":"2023-04-22T13:30:21+00:00","breadcrumb":{"@id":"https:\/\/aquaparque-madeira.com\/informacoes-uteis\/o-parque\/#breadcrumb"},"inLanguage":"en-US","potentialAction":[{"@type":"ReadAction","target":["https:\/\/aquaparque-madeira.com\/informacoes-uteis\/o-parque\/"]}]},{"@type":"ImageObject","inLanguage":"en-US","@id":"https:\/\/aquaparque-madeira.com\/informacoes-uteis\/o-parque\/#primaryimage","url":"https:\/\/aquamadeira.com\/wp-content\/uploads\/2022\/03\/info-11-836x1024.png","contentUrl":"https:\/\/aquamadeira.com\/wp-content\/uploads\/2022\/03\/info-11-836x1024.png"},{"@type":"BreadcrumbList","@id":"https:\/\/aquaparque-madeira.com\/informacoes-uteis\/o-parque\/#breadcrumb","itemListElement":[{"@type":"ListItem","position":1,"name":"In\u00edcio","item":"https:\/\/aquaparque-madeira.com\/"},{"@type":"ListItem","position":2,"name":"Informa\u00e7\u00f5es \u00dateis","item":"https:\/\/aquaparque-madeira.com\/informacoes-uteis\/"},{"@type":"ListItem","position":3,"name":"O Parque"}]},{"@type":"WebSite","@id":"https:\/\/aquaparque-madeira.com\/#website","url":"https:\/\/aquaparque-madeira.com\/","name":"Aquaparque Madeira","description":"Descubra o Aquaparque da Madeira, onde a divers&atilde;o &eacute; garantida!","publisher":{"@id":"https:\/\/aquaparque-madeira.com\/#organization"},"potentialAction":[{"@type":"SearchAction","target":{"@type":"EntryPoint","urlTemplate":"https:\/\/aquaparque-madeira.com\/?s={search_term_string}"},"query-input":{"@type":"PropertyValueSpecification","valueRequired":true,"valueName":"search_term_string"}}],"inLanguage":"en-US"},{"@type":"Organization","@id":"https:\/\/aquaparque-madeira.com\/#organization","name":"Aquaparque Madeira","url":"https:\/\/aquaparque-madeira.com\/","logo":{"@type":"ImageObject","inLanguage":"en-US","@id":"https:\/\/aquaparque-madeira.com\/#\/schema\/logo\/image\/","url":"https:\/\/aquaparque-madeira.com\/wp-content\/uploads\/2022\/03\/cropped-AquaParque-Logo.png","contentUrl":"https:\/\/aquaparque-madeira.com\/wp-content\/uploads\/2022\/03\/cropped-AquaParque-Logo.png","width":70,"height":70,"caption":"Aquaparque Madeira"},"image":{"@id":"https:\/\/aquaparque-madeira.com\/#\/schema\/logo\/image\/"}}]}},"_links":{"self":[{"href":"https:\/\/aquaparque-madeira.com\/en\/wp-json\/wp\/v2\/pages\/197","targetHints":{"allow":["GET"]}}],"collection":[{"href":"https:\/\/aquaparque-madeira.com\/en\/wp-json\/wp\/v2\/pages"}],"about":[{"href":"https:\/\/aquaparque-madeira.com\/en\/wp-json\/wp\/v2\/types\/page"}],"author":[{"embeddable":true,"href":"https:\/\/aquaparque-madeira.com\/en\/wp-json\/wp\/v2\/users\/2"}],"replies":[{"embeddable":true,"href":"https:\/\/aquaparque-madeira.com\/en\/wp-json\/wp\/v2\/comments?post=197"}],"version-history":[{"count":44,"href":"https:\/\/aquaparque-madeira.com\/en\/wp-json\/wp\/v2\/pages\/197\/revisions"}],"predecessor-version":[{"id":1386,"href":"https:\/\/aquaparque-madeira.com\/en\/wp-json\/wp\/v2\/pages\/197\/revisions\/1386"}],"up":[{"embeddable":true,"href":"https:\/\/aquaparque-madeira.com\/en\/wp-json\/wp\/v2\/pages\/659"}],"wp:attachment":[{"href":"https:\/\/aquaparque-madeira.com\/en\/wp-json\/wp\/v2\/media?parent=197"}],"curies":[{"name":"wp","href":"https:\/\/api.w.org\/{rel}","templated":true}]}}